{"id":315380,"date":"2025-06-06T12:57:02","date_gmt":"2025-06-06T12:57:02","guid":{"rendered":"https:\/\/sanfranciscoservice.cl\/?page_id=315380"},"modified":"2025-06-06T13:04:22","modified_gmt":"2025-06-06T13:04:22","slug":"nosotros","status":"publish","type":"page","link":"https:\/\/sanfranciscoservice.cl\/?page_id=315380","title":{"rendered":"Nosotros"},"content":{"rendered":"<p>[et_pb_section fb_built=\u00bb1&#8243; custom_padding_last_edited=\u00bboff|desktop\u00bb admin_label=\u00bbHeader\u00bb _builder_version=\u00bb4.27.4&#8243; _module_preset=\u00bbdefault\u00bb custom_padding=\u00bb0vw||||false|false\u00bb custom_padding_tablet=\u00bb120px||0px||false|false\u00bb custom_padding_phone=\u00bb80px||0px||false|false\u00bb hover_enabled=\u00bb0&#8243; background_last_edited=\u00bboff|phone\u00bb box_shadow_style=\u00bbpreset7&#8243; box_shadow_horizontal=\u00bb0px\u00bb box_shadow_vertical=\u00bb-16vw\u00bb box_shadow_color=\u00bb#FFFFFF\u00bb box_shadow_vertical_tablet=\u00bb-200px\u00bb box_shadow_vertical_last_edited=\u00bboff|desktop\u00bb locked=\u00bboff\u00bb global_colors_info=\u00bb{}\u00bb background__hover_enabled=\u00bboff|desktop\u00bb background_enable_image=\u00bboff\u00bb sticky_enabled=\u00bb0&#8243;][et_pb_row column_structure=\u00bb1_2,1_2&#8243; _builder_version=\u00bb4.16&#8243; _module_preset=\u00bbdefault\u00bb custom_margin=\u00bb||||false|false\u00bb custom_margin_tablet=\u00bb||80px||false|false\u00bb custom_margin_phone=\u00bb||60px||false|false\u00bb custom_margin_last_edited=\u00bboff|desktop\u00bb locked=\u00bboff\u00bb global_colors_info=\u00bb{}\u00bb][et_pb_column type=\u00bb1_2&#8243; _builder_version=\u00bb4.16&#8243; _module_preset=\u00bbdefault\u00bb global_colors_info=\u00bb{}\u00bb][et_pb_text _builder_version=\u00bb4.27.4&#8243; _module_preset=\u00bbd72c0383-6487-4f2c-ac5c-7d48a6376757&#8243; header_font=\u00bbMichroma||||||||\u00bb header_text_color=\u00bb#000724&#8243; header_font_size=\u00bb72px\u00bb header_line_height=\u00bb1.1em\u00bb animation_direction=\u00bbtop\u00bb header_font_size_tablet=\u00bb48px\u00bb header_font_size_phone=\u00bb24px\u00bb header_font_size_last_edited=\u00bbon|phone\u00bb global_colors_info=\u00bb{}\u00bb]<\/p>\n<h1>Nosotros<\/h1>\n<p>[\/et_pb_text][\/et_pb_column][et_pb_column type=\u00bb1_2&#8243; _builder_version=\u00bb4.16&#8243; _module_preset=\u00bbdefault\u00bb custom_padding=\u00bb10px||||false|false\u00bb global_colors_info=\u00bb{}\u00bb][\/et_pb_column][\/et_pb_row][et_pb_row _builder_version=\u00bb4.16&#8243; _module_preset=\u00bbdefault\u00bb custom_padding=\u00bb||0px|||\u00bb global_colors_info=\u00bb{}\u00bb column_structure=\u00bb1_2,1_2&#8243;][et_pb_column type=\u00bb1_2&#8243; _builder_version=\u00bb4.16&#8243; _module_preset=\u00bbdefault\u00bb global_colors_info=\u00bb{}\u00bb][et_pb_text _builder_version=\u00bb4.27.4&#8243; _module_preset=\u00bbdefault\u00bb hover_enabled=\u00bb0&#8243; sticky_enabled=\u00bb0&#8243;]<\/p>\n<p style=\"text-align: center;\"><strong>Nuestra misi\u00f3n como empresa es: garantizar las necesidades y demandas de nuestros clientes en materia de seguridad para as\u00ed cambiar el esquema de seguridad al total compromiso hacia nuestros clientes. Para ello, no solo estamos en todo momento a la vanguardia en materia de productos, mantenimiento o atenci\u00f3n; tambi\u00e9n trabajamos permanentemente en la creaci\u00f3n de una red de colaboradores comprometidos y de primer\u00edsimo nivel.<\/strong><br \/><strong>El trabajo en equipo es el lubricante que permite el adecuado funcionamiento de cada uno de nuestros proyectos; la confianza que depositaran nuestros clientes cada d\u00eda, junto con nuestro compromiso para con los objetivos acordados con los mismos, son el combustible; y las perspectivas de crecer cada a\u00f1o, no solo como entidad empresarial, sino tambi\u00e9n como un elemento responsable m\u00e1s de la estructura de nuestra sociedad, son las v\u00edas de esta maquinar\u00eda que se dirige hacia un \u00fanico destino: su tranquilidad.<\/strong><br \/><strong>\u00abNuestros valores son la base de nuestra misi\u00f3n\u00bb\u00a0<\/strong><\/p>\n<p>[\/et_pb_text][\/et_pb_column][et_pb_column type=\u00bb1_2&#8243; _builder_version=\u00bb4.16&#8243; _module_preset=\u00bbdefault\u00bb global_colors_info=\u00bb{}\u00bb][et_pb_image src=\u00bbhttps:\/\/sanfranciscoservice.cl\/wp-content\/uploads\/2025\/06\/logo-final-sin-fondo.png\u00bb _builder_version=\u00bb4.27.4&#8243; _module_preset=\u00bbdefault\u00bb title_text=\u00bblogo final sin fondo\u00bb hover_enabled=\u00bb0&#8243; sticky_enabled=\u00bb0&#8243;][\/et_pb_image][et_pb_text _builder_version=\u00bb4.27.4&#8243; _module_preset=\u00bbdefault\u00bb hover_enabled=\u00bb0&#8243; sticky_enabled=\u00bb0&#8243;]<\/p>\n<p><span style=\"text-decoration: underline;\"><strong>Visi\u00f3n:<\/strong><\/span><br \/><strong>Aspiramos a convertirnos en una empresa referente dentro del sector de las instalaciones y los servicios de seguridad. Una organizaci\u00f3n modelo, tanto dentro como fuera de nuestro territorio, la humildad, la confianza y la sostenibilidad ser\u00e1n nuestro objetivos.<\/strong><br \/><strong>\u00abConsolidar nuestra empresa en el sector\u00bb<\/strong><\/p>\n<p>[\/et_pb_text][\/et_pb_column][\/et_pb_row][et_pb_row _builder_version=\u00bb4.27.4&#8243; _module_preset=\u00bbdefault\u00bb column_structure=\u00bb2_5,3_5&#8243;][et_pb_column _builder_version=\u00bb4.27.4&#8243; _module_preset=\u00bbdefault\u00bb type=\u00bb2_5&#8243;][et_pb_text _builder_version=\u00bb4.27.4&#8243; _module_preset=\u00bbdefault\u00bb hover_enabled=\u00bb0&#8243; sticky_enabled=\u00bb0&#8243;]<\/p>\n<h1 style=\"text-align: center;\"><strong>Valores<\/strong><\/h1>\n<p>[\/et_pb_text][et_pb_text _builder_version=\u00bb4.27.4&#8243; _module_preset=\u00bbdefault\u00bb hover_enabled=\u00bb0&#8243; sticky_enabled=\u00bb0&#8243;]<\/p>\n<ul>\n<li><strong>Cada decisi\u00f3n que tomamos en San Francisco Service <\/strong><\/li>\n<li><strong>est\u00e1 construida conforme a unos valores y principios <\/strong><\/li>\n<li><strong>fundamentales:<\/strong><br \/><strong><\/strong><\/li>\n<li><strong>Trabajo en equipo<\/strong><br \/><strong><\/strong><\/li>\n<li><strong>Confianza<\/strong><br \/><strong><\/strong><\/li>\n<li><strong>Servicio y protecci\u00f3n<\/strong><br \/><strong><\/strong><\/li>\n<li><strong>Compromiso con los resultados<\/strong><br \/><strong><\/strong><\/li>\n<li><strong>Visi\u00f3n de futuro<\/strong><br \/><strong><\/strong><\/li>\n<li><strong>Responsabilidad<\/strong><br \/><strong><\/strong><\/li>\n<li><strong>Integridad<\/strong><\/li>\n<\/ul>\n<p>[\/et_pb_text][\/et_pb_column][et_pb_column _builder_version=\u00bb4.27.4&#8243; _module_preset=\u00bbdefault\u00bb type=\u00bb3_5&#8243;][et_pb_image src=\u00bbhttps:\/\/sanfranciscoservice.cl\/wp-content\/uploads\/2025\/06\/retrato-macho-guardia-seguridad-uniforme.png\u00bb _builder_version=\u00bb4.27.4&#8243; _module_preset=\u00bbdefault\u00bb title_text=\u00bbretrato-macho-guardia-seguridad-uniforme\u00bb hover_enabled=\u00bb0&#8243; sticky_enabled=\u00bb0&#8243;][\/et_pb_image][\/et_pb_column][\/et_pb_row][\/et_pb_section]<\/p>\n","protected":false},"excerpt":{"rendered":"<p>NosotrosNuestra misi\u00f3n como empresa es: garantizar las necesidades y demandas de nuestros clientes en materia de seguridad para as\u00ed cambiar el esquema de seguridad al total compromiso hacia nuestros clientes. Para ello, no solo estamos en todo momento a la vanguardia en materia de productos, mantenimiento o atenci\u00f3n; tambi\u00e9n trabajamos permanentemente en la creaci\u00f3n de [&hellip;]<\/p>\n","protected":false},"author":1,"featured_media":0,"parent":0,"menu_order":0,"comment_status":"closed","ping_status":"closed","template":"","meta":{"_et_pb_use_builder":"on","_et_pb_old_content":"","_et_gb_content_width":"","_joinchat":[],"footnotes":""},"class_list":["post-315380","page","type-page","status-publish","hentry"],"_links":{"self":[{"href":"https:\/\/sanfranciscoservice.cl\/index.php?rest_route=\/wp\/v2\/pages\/315380","targetHints":{"allow":["GET"]}}],"collection":[{"href":"https:\/\/sanfranciscoservice.cl\/index.php?rest_route=\/wp\/v2\/pages"}],"about":[{"href":"https:\/\/sanfranciscoservice.cl\/index.php?rest_route=\/wp\/v2\/types\/page"}],"author":[{"embeddable":true,"href":"https:\/\/sanfranciscoservice.cl\/index.php?rest_route=\/wp\/v2\/users\/1"}],"replies":[{"embeddable":true,"href":"https:\/\/sanfranciscoservice.cl\/index.php?rest_route=%2Fwp%2Fv2%2Fcomments&post=315380"}],"version-history":[{"count":3,"href":"https:\/\/sanfranciscoservice.cl\/index.php?rest_route=\/wp\/v2\/pages\/315380\/revisions"}],"predecessor-version":[{"id":315392,"href":"https:\/\/sanfranciscoservice.cl\/index.php?rest_route=\/wp\/v2\/pages\/315380\/revisions\/315392"}],"wp:attachment":[{"href":"https:\/\/sanfranciscoservice.cl\/index.php?rest_route=%2Fwp%2Fv2%2Fmedia&parent=315380"}],"curies":[{"name":"wp","href":"https:\/\/api.w.org\/{rel}","templated":true}]}}